{"id":154,"date":"2015-07-16T09:12:44","date_gmt":"2015-07-16T08:12:44","guid":{"rendered":"http:\/\/test.kriesi.at\/minimal-portfolio\/?page_id=154"},"modified":"2016-04-19T10:46:57","modified_gmt":"2016-04-19T09:46:57","slug":"about","status":"publish","type":"page","link":"https:\/\/agence-mad.com\/index.php\/about\/","title":{"rendered":"A propos"},"content":{"rendered":"<\/div><\/div><\/div><!-- close content main div --><\/div><\/div><div id='av-layout-grid-1' class='av-layout-grid-container entry-content-wrapper main_color av-flex-cells  container_wrap fullsize'   >\n<div class=\"flex_cell no_margin av_one_half   avia-full-stretch \" style='height:430px; min-height:430px;vertical-align:top; padding:30px; '><div class='flex_cell_inner' ><div class='avia-image-container  av-styling-   avia-align-center '  itemscope=\"itemscope\" itemtype=\"https:\/\/schema.org\/ImageObject\"  ><div class='avia-image-container-inner'><img class='avia_image ' src='https:\/\/agence-mad.com\/wp-content\/uploads\/2016\/03\/CF041792-test-271x300.jpg' alt='' title='CF041792 test'   itemprop=\"contentURL\"  \/><\/div><\/div>\n<\/div><\/div><div class=\"flex_cell no_margin av_one_half   \" style='height:430px; min-height:430px;vertical-align:middle; padding:30px 100px 30px 100px ; background-color:#f7f7f7; '><div class='flex_cell_inner' ><div class=\"flex_column av_one_full  av-animated-generic bottom-to-top  flex_column_div av-zero-column-padding first  \" style='border-radius:0px; '><p><div style='padding-bottom:10px;' class='av-special-heading av-special-heading-h3  blockquote modern-quote  '><h3 class='av-special-heading-tag'  itemprop=\"headline\"  >Parcours<\/h3><div class='special-heading-border'><div class='special-heading-inner-border' ><\/div><\/div><\/div><br \/>\n<section class=\"av_textblock_section\"  itemscope=\"itemscope\" itemtype=\"https:\/\/schema.org\/CreativeWork\" ><div class='avia_textblock '   itemprop=\"text\" ><p>Apres avoir travaill\u00e9 comme acheteuse aux Galeries Lafayette puis responsable d\u2019un showroom de mobilier, Marie Adam Vilgrain \u00e9volue dans l\u2019univers de la d\u00e9coration et se forme \u00e0 l\u2019\u00e9cole Boulle pour monter son agence d\u2019architecture d\u2019int\u00e9rieur et design d\u2019espace, l\u2019Agence MAD.<\/p>\n<\/div><\/section><\/p><\/div>\n<\/div><\/div>\n<\/div>\n<\/div><\/div><\/div><!-- close content main div --><\/div><\/div><div id='av_section_1' class='avia-section main_color avia-section-large avia-no-border-styling avia-bg-style-scroll  container_wrap fullsize'   ><div class='container' ><div class='template-page content  av-content-full alpha units'><div class='post-entry post-entry-type-page post-entry-154'><div class='entry-content-wrapper clearfix'>\n<div class=\"flex_column av_one_half  av-animated-generic bottom-to-top  flex_column_div av-zero-column-padding first  \" style='border-radius:0px; '><p><div style='padding-bottom:10px;' class='av-special-heading av-special-heading-h3  blockquote modern-quote  '><h3 class='av-special-heading-tag'  itemprop=\"headline\"  >Style<\/h3><div class='special-heading-border'><div class='special-heading-inner-border' ><\/div><\/div><\/div><br \/>\n<section class=\"av_textblock_section\"  itemscope=\"itemscope\" itemtype=\"https:\/\/schema.org\/CreativeWork\" ><div class='avia_textblock '   itemprop=\"text\" ><p>La fondatrice, Marie Adam, s\u2019inspire de la rue et des voyages, m\u00e9lange les genres et les styles avec toujours une pointe d\u2019audace et d\u2019\u00e9clectisme tout en gardant l\u2019\u00e2me d\u2019un lieu et reste toujours \u00e0 l\u2019\u00e9coute des clients afin de cr\u00e9er un lieu unique.<\/p>\n<\/div><\/section><\/p><\/div><div class=\"flex_column av_one_half  av-animated-generic bottom-to-top  flex_column_div av-zero-column-padding   \" style='border-radius:0px; '><p><div style='padding-bottom:10px;' class='av-special-heading av-special-heading-h3  blockquote modern-quote  '><h3 class='av-special-heading-tag'  itemprop=\"headline\"  > <\/h3><div class='special-heading-border'><div class='special-heading-inner-border' ><\/div><\/div><\/div><br \/>\n<section class=\"av_textblock_section\"  itemscope=\"itemscope\" itemtype=\"https:\/\/schema.org\/CreativeWork\" ><div class='avia_textblock '   itemprop=\"text\" ><p>L\u2019agence MAD vous propose de vous accompagner, en fonction de vos besoins, pour vos projets d\u2019agencement, de la conception \u00e0 la r\u00e9alisation ou de la planche concept \u00e0 la shopping liste.<\/p>\n<\/div><\/section><\/p><\/div><div class=\"flex_column av_one_full  av-animated-generic bottom-to-top  flex_column_div first  \" style='padding:30px; background-color:#f7f7f7; border-radius:0px; '><p><div style='padding-bottom:20px;' class='av-special-heading av-special-heading-h3  blockquote modern-quote modern-centered  '><h3 class='av-special-heading-tag'  itemprop=\"headline\"  >Contactez-moi :<\/h3><div class='special-heading-border'><div class='special-heading-inner-border' ><\/div><\/div><\/div><br \/>\n<div class='avia-button-wrap avia-button-center '><a href='https:\/\/agence-mad.com\/index.php\/contact\/' class='avia-button  avia-icon_select-no avia-color-dark avia-size-x-large avia-position-center '   ><span class='avia_iconbox_title' >Contact<\/span><\/a><\/div><\/p><\/div>\n\n","protected":false},"excerpt":{"rendered":"","protected":false},"author":1,"featured_media":0,"parent":0,"menu_order":2,"comment_status":"open","ping_status":"closed","template":"","meta":[],"_links":{"self":[{"href":"https:\/\/agence-mad.com\/index.php\/wp-json\/wp\/v2\/pages\/154"}],"collection":[{"href":"https:\/\/agence-mad.com\/index.php\/wp-json\/wp\/v2\/pages"}],"about":[{"href":"https:\/\/agence-mad.com\/index.php\/wp-json\/wp\/v2\/types\/page"}],"author":[{"embeddable":true,"href":"https:\/\/agence-mad.com\/index.php\/wp-json\/wp\/v2\/users\/1"}],"replies":[{"embeddable":true,"href":"https:\/\/agence-mad.com\/index.php\/wp-json\/wp\/v2\/comments?post=154"}],"version-history":[{"count":22,"href":"https:\/\/agence-mad.com\/index.php\/wp-json\/wp\/v2\/pages\/154\/revisions"}],"predecessor-version":[{"id":439,"href":"https:\/\/agence-mad.com\/index.php\/wp-json\/wp\/v2\/pages\/154\/revisions\/439"}],"wp:attachment":[{"href":"https:\/\/agence-mad.com\/index.php\/wp-json\/wp\/v2\/media?parent=154"}],"curies":[{"name":"wp","href":"https:\/\/api.w.org\/{rel}","templated":true}]}}